{"id":944,"date":"2024-04-15T17:58:46","date_gmt":"2024-04-15T15:58:46","guid":{"rendered":"https:\/\/ecoletrezien-plouarzel.com\/?page_id=944"},"modified":"2024-04-15T18:04:23","modified_gmt":"2024-04-15T16:04:23","slug":"projet-decole","status":"publish","type":"page","link":"https:\/\/ecoletrezien-plouarzel.com\/index.php\/blog\/projet-decole\/","title":{"rendered":"Projet d&rsquo;\u00e9cole"},"content":{"rendered":"\n<h2 class=\"wp-block-heading\"><em><u><mark style=\"background-color:rgba(0, 0, 0, 0)\" class=\"has-inline-color has-bright-red-color\"><strong>Enjeu n\u00b01 = Am\u00e9liorer la r\u00e9ussite de tous les \u00e9l\u00e8ves<\/strong><\/mark><\/u><\/em><\/h2>\n\n\n\n<blockquote class=\"wp-block-quote is-layout-flow wp-block-quote-is-layout-flow\">\n<p><strong><em><u><mark style=\"background-color:rgba(0, 0, 0, 0)\" class=\"has-inline-color has-yellow-color\">Objectif p\u00e9dagogique n\u00b01 = Am\u00e9liorer la continuit\u00e9 dans le suivi des apprentissages des \u00e9l\u00e8ves<\/mark><\/u><\/em><\/strong><\/p>\n<\/blockquote>\n\n\n\n<ul class=\"wp-block-list\">\n<li><strong><em><u>Action 1<\/u><\/em><\/strong> = R\u00e9investir les conseils de cycles afin d\u2019\u00e9changer sur les pratiques p\u00e9dagogiques des uns et des autres, les supports utilis\u00e9s, les aides p\u00e9dagogiques et m\u00e9thodologiques utilis\u00e9es.<\/li>\n<\/ul>\n\n\n\n<ul class=\"wp-block-list\">\n<li><strong><em><u>Action 2<\/u><\/em><\/strong> = Constituer un dossier \u00e9l\u00e8ve bien complet et d\u00e9taill\u00e9, pour l\u2019ensemble des \u00e9l\u00e8ves de l\u2019\u00e9cole et pas seulement pour les \u00e9l\u00e8ves \u00e0 besoins \u00e9ducatifs particuliers.<\/li>\n<\/ul>\n\n\n\n<ul class=\"wp-block-list\">\n<li><strong><em><u>Action 3<\/u><\/em><\/strong> = Mettre les APC au service d\u2019une liaison entre les classes.<\/li>\n<\/ul>\n\n\n\n<ul class=\"wp-block-list\">\n<li><strong><em><u>Action 4<\/u><\/em><\/strong> = Mettre en place un \u00ab&nbsp;cahier de vie de la classe&nbsp;\u00bb afin de \u00ab&nbsp;th\u00e9sauriser&nbsp;\u00bb et de valoriser les \u00e9v\u00e9nements v\u00e9cus collectivement.<\/li>\n<\/ul>\n\n\n\n<blockquote class=\"wp-block-quote is-layout-flow wp-block-quote-is-layout-flow\">\n<p><strong><em><u><mark style=\"background-color:rgba(0, 0, 0, 0)\" class=\"has-inline-color has-yellow-color\">Objectif p\u00e9dagogique n\u00b02 = Am\u00e9liorer l\u2019expression orale des \u00e9l\u00e8ves<\/mark><\/u><\/em><\/strong><\/p>\n<\/blockquote>\n\n\n\n<ul class=\"wp-block-list\">\n<li><strong><em><u>Action 1<\/u><\/em><\/strong> = Cycle 1&nbsp;: \u00eatre capable de \u00ab&nbsp;jouer&nbsp;\u00bb une histoire \u00e0 l\u2019aide de la m\u00e9thode Narramus<\/li>\n<\/ul>\n\n\n\n<ul class=\"wp-block-list\">\n<li><strong><em><u>Action 2<\/u><\/em><\/strong> = Cycles 2 et 3&nbsp;: savoir pr\u00e9senter une po\u00e9sie, un expos\u00e9, une sayn\u00e8te \u00e0 partir d\u2019une grille personnalis\u00e9e de suivi<\/li>\n<\/ul>\n\n\n\n<h2 class=\"wp-block-heading\"><strong><em><u><mark style=\"background-color:rgba(0, 0, 0, 0)\" class=\"has-inline-color has-bright-red-color\">Enjeu n\u00b02 = Am\u00e9liorer le bien-\u00eatre \u00e0 l\u2019\u00e9cole et former de futurs citoyens autonomes et responsables<\/mark><\/u><\/em><\/strong><\/h2>\n\n\n\n<blockquote class=\"wp-block-quote is-layout-flow wp-block-quote-is-layout-flow\">\n<p><strong><em><u><mark style=\"background-color:rgba(0, 0, 0, 0)\" class=\"has-inline-color has-yellow-color\">Objectif p\u00e9dagogique n\u00b01 = Mettre en place des actions citoyennes afin d\u2019am\u00e9liorer le climat scolaire et de pr\u00e9venir les violences et le harc\u00e8lement<\/mark><\/u><\/em><\/strong><\/p>\n<\/blockquote>\n\n\n\n<ul class=\"wp-block-list\">\n<li><strong><em><u>Action 1<\/u><\/em><\/strong> = Mettre en place un conseil d\u2019\u00e9l\u00e8ves qui traitera de questions sur le vivre-ensemble, les r\u00e8gles de vie dans la classe, sur la cour de r\u00e9cr\u00e9ation\u2026<\/li>\n<\/ul>\n\n\n\n<ul class=\"wp-block-list\">\n<li><strong><em><u>Action 2<\/u><\/em><\/strong> = Mettre en place des m\u00e9diateurs scolaires<\/li>\n<\/ul>\n\n\n\n<ul class=\"wp-block-list\">\n<li><strong><em><u>Action 3<\/u><\/em><\/strong> = D\u00e9velopper les comp\u00e9tences psychosociales des \u00e9l\u00e8ves&nbsp;: apprendre aux \u00e9l\u00e8ves \u00e0 reconna\u00eetre, nommer, r\u00e9guler leurs \u00e9motions et \u00e0 \u00eatre attentifs aux \u00e9motions des autres<\/li>\n<\/ul>\n\n\n\n<blockquote class=\"wp-block-quote is-layout-flow wp-block-quote-is-layout-flow\">\n<p><strong><em><u><mark style=\"background-color:rgba(0, 0, 0, 0)\" class=\"has-inline-color has-yellow-color\">Objectif p\u00e9dagogique n\u00b02 = Engager l\u2019\u00e9cole dans une d\u00e9marche de d\u00e9veloppement durable<\/mark><\/u><\/em><\/strong><\/p>\n<\/blockquote>\n\n\n\n<ul class=\"wp-block-list\">\n<li><strong><em><u>Action 1<\/u><\/em><\/strong> = Am\u00e9liorer la gestion des d\u00e9chets de l\u2019\u00e9cole et de la cantine afin d\u2019acc\u00e9der \u00e0 une valorisation de ces d\u00e9chets<\/li>\n<\/ul>\n\n\n\n<ul class=\"wp-block-list\">\n<li><strong><em><u>Action 2<\/u><\/em><\/strong> = Mettre en place un jardin potager<\/li>\n<\/ul>\n\n\n\n<p><\/p>\n\n\n\n<p><\/p>\n","protected":false},"excerpt":{"rendered":"<p>Enjeu n\u00b01 = Am\u00e9liorer la r\u00e9ussite de tous les \u00e9l\u00e8ves Objectif p\u00e9dagogique n\u00b01 = Am\u00e9liorer la continuit\u00e9 dans le suivi des apprentissages des \u00e9l\u00e8ves Objectif p\u00e9dagogique n\u00b02 = Am\u00e9liorer l\u2019expression orale des \u00e9l\u00e8ves Enjeu n\u00b02 = Am\u00e9liorer le bien-\u00eatre \u00e0 l\u2019\u00e9cole et former de futurs citoyens autonomes et responsables Objectif p\u00e9dagogique n\u00b01 = Mettre en &hellip; <a href=\"https:\/\/ecoletrezien-plouarzel.com\/index.php\/blog\/projet-decole\/\" class=\"more-link\">Continuer la lecture<span class=\"screen-reader-text\"> de &laquo;&nbsp;Projet d&rsquo;\u00e9cole&nbsp;&raquo;<\/span><\/a><\/p>\n","protected":false},"author":1,"featured_media":0,"parent":68,"menu_order":0,"comment_status":"closed","ping_status":"closed","template":"","meta":{"footnotes":""},"class_list":["post-944","page","type-page","status-publish","hentry"],"_links":{"self":[{"href":"https:\/\/ecoletrezien-plouarzel.com\/index.php\/wp-json\/wp\/v2\/pages\/944","targetHints":{"allow":["GET"]}}],"collection":[{"href":"https:\/\/ecoletrezien-plouarzel.com\/index.php\/wp-json\/wp\/v2\/pages"}],"about":[{"href":"https:\/\/ecoletrezien-plouarzel.com\/index.php\/wp-json\/wp\/v2\/types\/page"}],"author":[{"embeddable":true,"href":"https:\/\/ecoletrezien-plouarzel.com\/index.php\/wp-json\/wp\/v2\/users\/1"}],"replies":[{"embeddable":true,"href":"https:\/\/ecoletrezien-plouarzel.com\/index.php\/wp-json\/wp\/v2\/comments?post=944"}],"version-history":[{"count":3,"href":"https:\/\/ecoletrezien-plouarzel.com\/index.php\/wp-json\/wp\/v2\/pages\/944\/revisions"}],"predecessor-version":[{"id":949,"href":"https:\/\/ecoletrezien-plouarzel.com\/index.php\/wp-json\/wp\/v2\/pages\/944\/revisions\/949"}],"up":[{"embeddable":true,"href":"https:\/\/ecoletrezien-plouarzel.com\/index.php\/wp-json\/wp\/v2\/pages\/68"}],"wp:attachment":[{"href":"https:\/\/ecoletrezien-plouarzel.com\/index.php\/wp-json\/wp\/v2\/media?parent=944"}],"curies":[{"name":"wp","href":"https:\/\/api.w.org\/{rel}","templated":true}]}}