{"id":10,"date":"2020-08-03T18:13:44","date_gmt":"2020-08-03T16:13:44","guid":{"rendered":"http:\/\/ecoletrezien-plouarzel.com\/?page_id=10"},"modified":"2025-09-22T16:18:24","modified_gmt":"2025-09-22T14:18:24","slug":"lequipe-pedagogique","status":"publish","type":"page","link":"https:\/\/ecoletrezien-plouarzel.com\/index.php\/lequipe-pedagogique\/","title":{"rendered":"L&rsquo;\u00e9quipe p\u00e9dagogique"},"content":{"rendered":"\n<p>Elle se compose de <strong>14 personnes<\/strong> :<\/p>\n\n\n\n<p class=\"has-normal-font-size\"><strong>Laurence Leclerc<\/strong>, directrice et enseignante en classe de CE2-CM1<\/p>\n\n\n\n<p><strong>Laura Clec&rsquo;h<\/strong>, enseignante en classe bilingue TPS-PS-MS-GS-CP<\/p>\n\n\n\n<p><strong>Sandrine Mercier<\/strong>, ma\u00eetresse-formatrice et enseignante en classe de TPS-PS-MS<\/p>\n\n\n\n<p><strong>C\u00e9line Jambrin<\/strong>, enseignante en classe de GS-CP<\/p>\n\n\n\n<p><strong>Jos\u00e9e Crenn<\/strong>, enseignante en classe de CE1-CE2<\/p>\n\n\n\n<p><strong>Ann-C\u00e9cile Malabous<\/strong>, enseignante en classe de CM2<\/p>\n\n\n\n<p><strong>An Boelaert<\/strong>, qui assure les temps de d\u00e9charge de la directrice et de la ma\u00eetresse-formatrice<\/p>\n\n\n\n<p><strong>Val\u00e9rie Bendel<\/strong>, rempla\u00e7ante affect\u00e9e 2 jours par semaine en soutien dans la classe bilingue.<\/p>\n\n\n\n<p><strong>Florence Denis<\/strong>, rempla\u00e7ante rattach\u00e9e \u00e0 l&rsquo;\u00e9cole Tr\u00e9zien<\/p>\n\n\n\n<p><strong>Emilie Canat<\/strong>, ATSEM en classe maternelle bilingue<\/p>\n\n\n\n<p><strong>M\u00e9lissa Le Gall<\/strong>, ATSEM en classe de TPS-PS-MS<\/p>\n\n\n\n<p><strong>Mathilde Kerglonou<\/strong>, ATSEM \u00e0 mi-temps en classe de GS-CP.<\/p>\n\n\n\n<p><strong>Quentin Chatelier<\/strong>, AESH<\/p>\n\n\n\n<p><strong>Franck Scheubel<\/strong>, AESH<\/p>\n\n\n\n<figure class=\"wp-block-image size-large\"><img loading=\"lazy\" decoding=\"async\" width=\"1024\" height=\"575\" src=\"https:\/\/ecoletrezien-plouarzel.com\/wp-content\/uploads\/2025\/09\/Photo-OF-1024x575.jpeg\" alt=\"\" class=\"wp-image-1447\" srcset=\"https:\/\/ecoletrezien-plouarzel.com\/wp-content\/uploads\/2025\/09\/Photo-OF-1024x575.jpeg 1024w, https:\/\/ecoletrezien-plouarzel.com\/wp-content\/uploads\/2025\/09\/Photo-OF-300x169.jpeg 300w, https:\/\/ecoletrezien-plouarzel.com\/wp-content\/uploads\/2025\/09\/Photo-OF-768x431.jpeg 768w, https:\/\/ecoletrezien-plouarzel.com\/wp-content\/uploads\/2025\/09\/Photo-OF-1200x674.jpeg 1200w, https:\/\/ecoletrezien-plouarzel.com\/wp-content\/uploads\/2025\/09\/Photo-OF.jpeg 1280w\" sizes=\"auto, (max-width: 709px) 85vw, (max-width: 909px) 67vw, (max-width: 1362px) 62vw, 840px\" \/><figcaption class=\"wp-element-caption\">L&rsquo;\u00e9quipe p\u00e9dagogique avec, de gauche \u00e0 droite : Mathilde Kerglonou, Val\u00e9rie Bendel, <br>C\u00e9line Jambrin, Anne-C\u00e9cile Malabous, Jos\u00e9e Crenn, M\u00e9lissa Le Gall, Laurence Leclerc, <br>Laura Clec&rsquo;h, Florence Denis, Sandrine Mercier, Emilie Canat, <br>Quentin Chatelier et Franck Scheubel (An Boelaert absente sur la photo).<\/figcaption><\/figure>\n","protected":false},"excerpt":{"rendered":"<p>Elle se compose de 14 personnes : Laurence Leclerc, directrice et enseignante en classe de CE2-CM1 Laura Clec&rsquo;h, enseignante en classe bilingue TPS-PS-MS-GS-CP Sandrine Mercier, ma\u00eetresse-formatrice et enseignante en classe de TPS-PS-MS C\u00e9line Jambrin, enseignante en classe de GS-CP Jos\u00e9e Crenn, enseignante en classe de CE1-CE2 Ann-C\u00e9cile Malabous, enseignante en classe de CM2 An Boelaert, &hellip; <a href=\"https:\/\/ecoletrezien-plouarzel.com\/index.php\/lequipe-pedagogique\/\" class=\"more-link\">Continuer la lecture<span class=\"screen-reader-text\"> de &laquo;&nbsp;L&rsquo;\u00e9quipe p\u00e9dagogique&nbsp;&raquo;<\/span><\/a><\/p>\n","protected":false},"author":1,"featured_media":0,"parent":0,"menu_order":0,"comment_status":"closed","ping_status":"closed","template":"","meta":{"footnotes":""},"class_list":["post-10","page","type-page","status-publish","hentry"],"_links":{"self":[{"href":"https:\/\/ecoletrezien-plouarzel.com\/index.php\/wp-json\/wp\/v2\/pages\/10","targetHints":{"allow":["GET"]}}],"collection":[{"href":"https:\/\/ecoletrezien-plouarzel.com\/index.php\/wp-json\/wp\/v2\/pages"}],"about":[{"href":"https:\/\/ecoletrezien-plouarzel.com\/index.php\/wp-json\/wp\/v2\/types\/page"}],"author":[{"embeddable":true,"href":"https:\/\/ecoletrezien-plouarzel.com\/index.php\/wp-json\/wp\/v2\/users\/1"}],"replies":[{"embeddable":true,"href":"https:\/\/ecoletrezien-plouarzel.com\/index.php\/wp-json\/wp\/v2\/comments?post=10"}],"version-history":[{"count":13,"href":"https:\/\/ecoletrezien-plouarzel.com\/index.php\/wp-json\/wp\/v2\/pages\/10\/revisions"}],"predecessor-version":[{"id":1449,"href":"https:\/\/ecoletrezien-plouarzel.com\/index.php\/wp-json\/wp\/v2\/pages\/10\/revisions\/1449"}],"wp:attachment":[{"href":"https:\/\/ecoletrezien-plouarzel.com\/index.php\/wp-json\/wp\/v2\/media?parent=10"}],"curies":[{"name":"wp","href":"https:\/\/api.w.org\/{rel}","templated":true}]}}